{"id":1322,"date":"2022-03-01T15:33:20","date_gmt":"2022-03-01T15:33:20","guid":{"rendered":"https:\/\/hibis-creation.fr\/?post_type=product&#038;p=1322"},"modified":"2025-07-16T08:57:08","modified_gmt":"2025-07-16T08:57:08","slug":"sac-a-vrac-pour-les-achats-en-vrac-en-filet","status":"publish","type":"product","link":"https:\/\/hibis-creation.fr\/?product=sac-a-vrac-pour-les-achats-en-vrac-en-filet","title":{"rendered":"Sacs en filet pour les achats en vrac fruits et l\u00e9gumes vendu par 3"},"content":{"rendered":"<p>Ces sacs en filet sont r\u00e9alis\u00e9s \u00e0 la main \u00e0 Lens dans mon atelier \u00e0 Lens<br \/>\nhauts de France.<br \/>\nIls sont facile d&rsquo;entretien \u00e0 la main ou en machine \u00e0 30\u00b0C<br \/>\nEn utilisant ces sacs vous posez un geste<br \/>\n\u00e9cologique pour l&rsquo;environnement.\u00a0 \u00a0 \u00a0 \u00a0 \u00a0 \u00a0 \u00a0 \u00a0 \u00a0 \u00a0 \u00a0 \u00a0 \u00a0 \u00a0 \u00a0 \u00a0 \u00a0 \u00a0 \u00a0 \u00a0 \u00a0 \u00a0 \u00a0 \u00a0 \u00a0 \u00a0 \u00a0 \u00a0 \u00a0 \u00a0 \u00a0 \u00a0 \u00a0 \u00a0 \u00a0 \u00a0 \u00a0 \u00a0 \u00a0 \u00a0 \u00a0 \u00a0 \u00a0 \u00a0 \u00a0 \u00a0 \u00a0 \u00a0 \u00a0 \u00a0 \u00a0 \u00a0 \u00a0 \u00a0 \u00a0 \u00a0 \u00a0 \u00a0 \u00a0 \u00a0 \u00a0 \u00a0 \u00a0 \u00a0 \u00a0 \u00a0 \u00a0 \u00a0 \u00a0 \u00a0 \u00a0 \u00a0 \u00a0 \u00a0 \u00a0 \u00a0 \u00a0 \u00a0 \u00a0 \u00a0 \u00a0 \u00a0 \u00a0 \u00a0 \u00a0 \u00a0 \u00a0 \u00a0 \u00a0 \u00a0 \u00a0 \u00a0 \u00a0 \u00a0 \u00a0 \u00a0 \u00a0 \u00a0 \u00a0 \u00a0 \u00a0 \u00a0 \u00a0 \u00a0 \u00a0 \u00a0 C&rsquo;est un produit artisanal neuf avec \u00e9tiquette.<br \/>\nN\u2019h\u00e9sitez pas \u00e0 me contacter pour plus de renseignements.<br \/>\nRetrouvez \u00e9galement les autres produits\u00a0sur ma boutique<\/p>\n","protected":false},"excerpt":{"rendered":"<p>Ce sac \u00e0 vrac est id\u00e9ale pour acheter des c\u00e9r\u00e9ales et fruits secs en vrac<br \/>\nune alternative aux sacs en plastique<\/p>\n","protected":false},"featured_media":1326,"comment_status":"open","ping_status":"closed","template":"","meta":{"_et_pb_use_builder":"","_et_pb_old_content":"","_et_gb_content_width":""},"product_brand":[],"product_cat":[37,38],"product_tag":[74,73,75,76,72],"class_list":{"0":"post-1322","1":"product","2":"type-product","3":"status-publish","4":"has-post-thumbnail","6":"product_cat-jachete-en-vrac","7":"product_cat-les-courses","8":"product_tag-achat-zero-dechet-en-vrac","9":"product_tag-courses-zero-dechet","10":"product_tag-courses-zero-dechet-en-vrac","11":"product_tag-sac-a-vrac-ecologique","12":"product_tag-sac-a-vrac-zero-dechet","14":"first","15":"outofstock","16":"taxable","17":"shipping-taxable","18":"purchasable","19":"product-type-simple"},"yoast_head":"<!-- This site is optimized with the Yoast SEO plugin v23.9 - https:\/\/yoast.com\/wordpress\/plugins\/seo\/ -->\n<title>Sacs en filet pour les achats en vrac fruits et l\u00e9gumes vendu par 3 - Cr\u00e9ation artisanale d\u2019article en tissu, couper et cousu en France<\/title>\n<meta name=\"robots\" content=\"index, follow, max-snippet:-1, max-image-preview:large, max-video-preview:-1\" \/>\n<link rel=\"canonical\" href=\"https:\/\/hibis-creation.fr\/?product=sac-a-vrac-pour-les-achats-en-vrac-en-filet\" \/>\n<meta property=\"og:locale\" content=\"fr_FR\" \/>\n<meta property=\"og:type\" content=\"article\" \/>\n<meta property=\"og:title\" content=\"Sacs en filet pour les achats en vrac fruits et l\u00e9gumes vendu par 3 - Cr\u00e9ation artisanale d\u2019article en tissu, couper et cousu en France\" \/>\n<meta property=\"og:description\" content=\"Ce sac \u00e0 vrac est id\u00e9ale pour acheter des c\u00e9r\u00e9ales et fruits secs en vrac une alternative aux sacs en plastique\" \/>\n<meta property=\"og:url\" content=\"https:\/\/hibis-creation.fr\/?product=sac-a-vrac-pour-les-achats-en-vrac-en-filet\" \/>\n<meta property=\"og:site_name\" content=\"Cr\u00e9ation artisanale d\u2019article en tissu, couper et cousu en France\" \/>\n<meta property=\"article:publisher\" content=\"https:\/\/www.facebook.com\/hibiscreation\/insights\/?section=navReach\" \/>\n<meta property=\"article:modified_time\" content=\"2025-07-16T08:57:08+00:00\" \/>\n<meta property=\"og:image\" content=\"https:\/\/hibis-creation.fr\/wp-content\/uploads\/2022\/03\/IMG_20211002_115046_BURST001_COVER.jpg\" \/>\n\t<meta property=\"og:image:width\" content=\"800\" \/>\n\t<meta property=\"og:image:height\" content=\"744\" \/>\n\t<meta property=\"og:image:type\" content=\"image\/jpeg\" \/>\n<meta name=\"twitter:card\" content=\"summary_large_image\" \/>\n<meta name=\"twitter:site\" content=\"@HibisCreation\" \/>\n<meta name=\"twitter:label1\" content=\"Dur\u00e9e de lecture estim\u00e9e\" \/>\n\t<meta name=\"twitter:data1\" content=\"1 minute\" \/>\n<script type=\"application\/ld+json\" class=\"yoast-schema-graph\">{\"@context\":\"https:\/\/schema.org\",\"@graph\":[{\"@type\":\"WebPage\",\"@id\":\"https:\/\/hibis-creation.fr\/?product=sac-a-vrac-pour-les-achats-en-vrac-en-filet\",\"url\":\"https:\/\/hibis-creation.fr\/?product=sac-a-vrac-pour-les-achats-en-vrac-en-filet\",\"name\":\"Sacs en filet pour les achats en vrac fruits et l\u00e9gumes vendu par 3 - Cr\u00e9ation artisanale d\u2019article en tissu, couper et cousu en France\",\"isPartOf\":{\"@id\":\"https:\/\/hibis-creation.fr\/#website\"},\"primaryImageOfPage\":{\"@id\":\"https:\/\/hibis-creation.fr\/?product=sac-a-vrac-pour-les-achats-en-vrac-en-filet#primaryimage\"},\"image\":{\"@id\":\"https:\/\/hibis-creation.fr\/?product=sac-a-vrac-pour-les-achats-en-vrac-en-filet#primaryimage\"},\"thumbnailUrl\":\"https:\/\/hibis-creation.fr\/wp-content\/uploads\/2022\/03\/IMG_20211002_115046_BURST001_COVER.jpg\",\"datePublished\":\"2022-03-01T15:33:20+00:00\",\"dateModified\":\"2025-07-16T08:57:08+00:00\",\"breadcrumb\":{\"@id\":\"https:\/\/hibis-creation.fr\/?product=sac-a-vrac-pour-les-achats-en-vrac-en-filet#breadcrumb\"},\"inLanguage\":\"fr-FR\",\"potentialAction\":[{\"@type\":\"ReadAction\",\"target\":[\"https:\/\/hibis-creation.fr\/?product=sac-a-vrac-pour-les-achats-en-vrac-en-filet\"]}]},{\"@type\":\"ImageObject\",\"inLanguage\":\"fr-FR\",\"@id\":\"https:\/\/hibis-creation.fr\/?product=sac-a-vrac-pour-les-achats-en-vrac-en-filet#primaryimage\",\"url\":\"https:\/\/hibis-creation.fr\/wp-content\/uploads\/2022\/03\/IMG_20211002_115046_BURST001_COVER.jpg\",\"contentUrl\":\"https:\/\/hibis-creation.fr\/wp-content\/uploads\/2022\/03\/IMG_20211002_115046_BURST001_COVER.jpg\",\"width\":800,\"height\":744},{\"@type\":\"BreadcrumbList\",\"@id\":\"https:\/\/hibis-creation.fr\/?product=sac-a-vrac-pour-les-achats-en-vrac-en-filet#breadcrumb\",\"itemListElement\":[{\"@type\":\"ListItem\",\"position\":1,\"name\":\"Accueil\",\"item\":\"https:\/\/hibis-creation.fr\/\"},{\"@type\":\"ListItem\",\"position\":2,\"name\":\"Boutique\",\"item\":\"https:\/\/hibis-creation.fr\/?page_id=446\"},{\"@type\":\"ListItem\",\"position\":3,\"name\":\"Sacs en filet pour les achats en vrac fruits et l\u00e9gumes vendu par 3\"}]},{\"@type\":\"WebSite\",\"@id\":\"https:\/\/hibis-creation.fr\/#website\",\"url\":\"https:\/\/hibis-creation.fr\/\",\"name\":\"Cr\u00e9ation artisanale d\u2019article en tissu, couper et cousu en France\",\"description\":\"Hibis Cr\u00e9ation -couture \u00e9coresponsable\",\"potentialAction\":[{\"@type\":\"SearchAction\",\"target\":{\"@type\":\"EntryPoint\",\"urlTemplate\":\"https:\/\/hibis-creation.fr\/?s={search_term_string}\"},\"query-input\":{\"@type\":\"PropertyValueSpecification\",\"valueRequired\":true,\"valueName\":\"search_term_string\"}}],\"inLanguage\":\"fr-FR\"}]}<\/script>\n<!-- \/ Yoast SEO plugin. -->","yoast_head_json":{"title":"Sacs en filet pour les achats en vrac fruits et l\u00e9gumes vendu par 3 - Cr\u00e9ation artisanale d\u2019article en tissu, couper et cousu en France","robots":{"index":"index","follow":"follow","max-snippet":"max-snippet:-1","max-image-preview":"max-image-preview:large","max-video-preview":"max-video-preview:-1"},"canonical":"https:\/\/hibis-creation.fr\/?product=sac-a-vrac-pour-les-achats-en-vrac-en-filet","og_locale":"fr_FR","og_type":"article","og_title":"Sacs en filet pour les achats en vrac fruits et l\u00e9gumes vendu par 3 - Cr\u00e9ation artisanale d\u2019article en tissu, couper et cousu en France","og_description":"Ce sac \u00e0 vrac est id\u00e9ale pour acheter des c\u00e9r\u00e9ales et fruits secs en vrac une alternative aux sacs en plastique","og_url":"https:\/\/hibis-creation.fr\/?product=sac-a-vrac-pour-les-achats-en-vrac-en-filet","og_site_name":"Cr\u00e9ation artisanale d\u2019article en tissu, couper et cousu en France","article_publisher":"https:\/\/www.facebook.com\/hibiscreation\/insights\/?section=navReach","article_modified_time":"2025-07-16T08:57:08+00:00","og_image":[{"width":800,"height":744,"url":"https:\/\/hibis-creation.fr\/wp-content\/uploads\/2022\/03\/IMG_20211002_115046_BURST001_COVER.jpg","type":"image\/jpeg"}],"twitter_card":"summary_large_image","twitter_site":"@HibisCreation","twitter_misc":{"Dur\u00e9e de lecture estim\u00e9e":"1 minute"},"schema":{"@context":"https:\/\/schema.org","@graph":[{"@type":"WebPage","@id":"https:\/\/hibis-creation.fr\/?product=sac-a-vrac-pour-les-achats-en-vrac-en-filet","url":"https:\/\/hibis-creation.fr\/?product=sac-a-vrac-pour-les-achats-en-vrac-en-filet","name":"Sacs en filet pour les achats en vrac fruits et l\u00e9gumes vendu par 3 - Cr\u00e9ation artisanale d\u2019article en tissu, couper et cousu en France","isPartOf":{"@id":"https:\/\/hibis-creation.fr\/#website"},"primaryImageOfPage":{"@id":"https:\/\/hibis-creation.fr\/?product=sac-a-vrac-pour-les-achats-en-vrac-en-filet#primaryimage"},"image":{"@id":"https:\/\/hibis-creation.fr\/?product=sac-a-vrac-pour-les-achats-en-vrac-en-filet#primaryimage"},"thumbnailUrl":"https:\/\/hibis-creation.fr\/wp-content\/uploads\/2022\/03\/IMG_20211002_115046_BURST001_COVER.jpg","datePublished":"2022-03-01T15:33:20+00:00","dateModified":"2025-07-16T08:57:08+00:00","breadcrumb":{"@id":"https:\/\/hibis-creation.fr\/?product=sac-a-vrac-pour-les-achats-en-vrac-en-filet#breadcrumb"},"inLanguage":"fr-FR","potentialAction":[{"@type":"ReadAction","target":["https:\/\/hibis-creation.fr\/?product=sac-a-vrac-pour-les-achats-en-vrac-en-filet"]}]},{"@type":"ImageObject","inLanguage":"fr-FR","@id":"https:\/\/hibis-creation.fr\/?product=sac-a-vrac-pour-les-achats-en-vrac-en-filet#primaryimage","url":"https:\/\/hibis-creation.fr\/wp-content\/uploads\/2022\/03\/IMG_20211002_115046_BURST001_COVER.jpg","contentUrl":"https:\/\/hibis-creation.fr\/wp-content\/uploads\/2022\/03\/IMG_20211002_115046_BURST001_COVER.jpg","width":800,"height":744},{"@type":"BreadcrumbList","@id":"https:\/\/hibis-creation.fr\/?product=sac-a-vrac-pour-les-achats-en-vrac-en-filet#breadcrumb","itemListElement":[{"@type":"ListItem","position":1,"name":"Accueil","item":"https:\/\/hibis-creation.fr\/"},{"@type":"ListItem","position":2,"name":"Boutique","item":"https:\/\/hibis-creation.fr\/?page_id=446"},{"@type":"ListItem","position":3,"name":"Sacs en filet pour les achats en vrac fruits et l\u00e9gumes vendu par 3"}]},{"@type":"WebSite","@id":"https:\/\/hibis-creation.fr\/#website","url":"https:\/\/hibis-creation.fr\/","name":"Cr\u00e9ation artisanale d\u2019article en tissu, couper et cousu en France","description":"Hibis Cr\u00e9ation -couture \u00e9coresponsable","potentialAction":[{"@type":"SearchAction","target":{"@type":"EntryPoint","urlTemplate":"https:\/\/hibis-creation.fr\/?s={search_term_string}"},"query-input":{"@type":"PropertyValueSpecification","valueRequired":true,"valueName":"search_term_string"}}],"inLanguage":"fr-FR"}]}},"jetpack_sharing_enabled":true,"_links":{"self":[{"href":"https:\/\/hibis-creation.fr\/index.php?rest_route=\/wp\/v2\/product\/1322"}],"collection":[{"href":"https:\/\/hibis-creation.fr\/index.php?rest_route=\/wp\/v2\/product"}],"about":[{"href":"https:\/\/hibis-creation.fr\/index.php?rest_route=\/wp\/v2\/types\/product"}],"replies":[{"embeddable":true,"href":"https:\/\/hibis-creation.fr\/index.php?rest_route=%2Fwp%2Fv2%2Fcomments&post=1322"}],"wp:featuredmedia":[{"embeddable":true,"href":"https:\/\/hibis-creation.fr\/index.php?rest_route=\/wp\/v2\/media\/1326"}],"wp:attachment":[{"href":"https:\/\/hibis-creation.fr\/index.php?rest_route=%2Fwp%2Fv2%2Fmedia&parent=1322"}],"wp:term":[{"taxonomy":"product_brand","embeddable":true,"href":"https:\/\/hibis-creation.fr\/index.php?rest_route=%2Fwp%2Fv2%2Fproduct_brand&post=1322"},{"taxonomy":"product_cat","embeddable":true,"href":"https:\/\/hibis-creation.fr\/index.php?rest_route=%2Fwp%2Fv2%2Fproduct_cat&post=1322"},{"taxonomy":"product_tag","embeddable":true,"href":"https:\/\/hibis-creation.fr\/index.php?rest_route=%2Fwp%2Fv2%2Fproduct_tag&post=1322"}],"curies":[{"name":"wp","href":"https:\/\/api.w.org\/{rel}","templated":true}]}}