{"id":1580,"date":"2023-04-01T09:27:28","date_gmt":"2023-04-01T09:27:28","guid":{"rendered":"https:\/\/hibis-creation.fr\/?post_type=product&#038;p=1580"},"modified":"2025-07-16T09:12:20","modified_gmt":"2025-07-16T09:12:20","slug":"bandeau-madras-cheveux-rigide-et-modulable-pour-femme-bandeau-en-tissu-coton-madras-fait-a-la-main","status":"publish","type":"product","link":"https:\/\/hibis-creation.fr\/?product=bandeau-madras-cheveux-rigide-et-modulable-pour-femme-bandeau-en-tissu-coton-madras-fait-a-la-main","title":{"rendered":"Bandeau Madras cheveux rigide et modulable pour femme bandeau en tissu coton madras fait \u00e0 la main"},"content":{"rendered":"<div>Bandeau\u00a0 rigide avec fil d&rsquo;aluminium pour femme.<\/div>\n<div>ce bandeau donnera une touche\u00a0 tr\u00e8s \u00e9l\u00e9gante \u00e0 votre tenue d&rsquo;\u00e9t\u00e9 et toutes saisons.<\/div>\n<div>R\u00e9alis\u00e9 \u00e0 la main \u00e0\u00a0 LENS 62300 (Hauts de France)<\/div>\n<div>Tissu 100 % coton. Longueur 95 CM<\/div>\n","protected":false},"excerpt":{"rendered":"<p>Ce bandeau peut \u00eatre attach\u00e9 de diff\u00e9rentes fa\u00e7ons<\/p>\n","protected":false},"featured_media":1583,"comment_status":"open","ping_status":"closed","template":"","meta":{"_et_pb_use_builder":"","_et_pb_old_content":"","_et_gb_content_width":""},"product_brand":[],"product_cat":[40,107,108,106,109],"product_tag":[104,101,100,102,103,105,111,110],"class_list":{"0":"post-1580","1":"product","2":"type-product","3":"status-publish","4":"has-post-thumbnail","6":"product_cat-accessoires-femme","7":"product_cat-coiffe","8":"product_cat-coifoulard","9":"product_cat-coifoulard-et-pochette","10":"product_cat-foulard-et-pochette","11":"product_tag-coiffe","12":"product_tag-coiffe-africain","13":"product_tag-coiffe-creole","14":"product_tag-coiffe-en-pagne","15":"product_tag-coiffe-facile","16":"product_tag-coiffe-rapide","17":"product_tag-madras","18":"product_tag-pochette-femme","20":"first","21":"outofstock","22":"featured","23":"taxable","24":"shipping-taxable","25":"purchasable","26":"product-type-simple"},"yoast_head":"<!-- This site is optimized with the Yoast SEO plugin v23.9 - https:\/\/yoast.com\/wordpress\/plugins\/seo\/ -->\n<title>Bandeau Madras cheveux rigide et modulable pour femme bandeau en tissu coton madras fait \u00e0 la main - Cr\u00e9ation artisanale d\u2019article en tissu, couper et cousu en France<\/title>\n<meta name=\"description\" content=\"Bandeau Madras cheveux rigide et modulable pour femme bandeau en tissu coton madras fait \u00e0 la main tr\u00e8s facile d&#039;utilisation\" \/>\n<meta name=\"robots\" content=\"index, follow, max-snippet:-1, max-image-preview:large, max-video-preview:-1\" \/>\n<link rel=\"canonical\" href=\"https:\/\/hibis-creation.fr\/?product=bandeau-madras-cheveux-rigide-et-modulable-pour-femme-bandeau-en-tissu-coton-madras-fait-a-la-main\" \/>\n<meta property=\"og:locale\" content=\"fr_FR\" \/>\n<meta property=\"og:type\" content=\"article\" \/>\n<meta property=\"og:title\" content=\"Bandeau Madras cheveux rigide et modulable pour femme bandeau en tissu coton madras fait \u00e0 la main - Cr\u00e9ation artisanale d\u2019article en tissu, couper et cousu en France\" \/>\n<meta property=\"og:description\" content=\"Bandeau Madras cheveux rigide et modulable pour femme bandeau en tissu coton madras fait \u00e0 la main tr\u00e8s facile d&#039;utilisation\" \/>\n<meta property=\"og:url\" content=\"https:\/\/hibis-creation.fr\/?product=bandeau-madras-cheveux-rigide-et-modulable-pour-femme-bandeau-en-tissu-coton-madras-fait-a-la-main\" \/>\n<meta property=\"og:site_name\" content=\"Cr\u00e9ation artisanale d\u2019article en tissu, couper et cousu en France\" \/>\n<meta property=\"article:publisher\" content=\"https:\/\/www.facebook.com\/hibiscreation\/insights\/?section=navReach\" \/>\n<meta property=\"article:modified_time\" content=\"2025-07-16T09:12:20+00:00\" \/>\n<meta property=\"og:image\" content=\"https:\/\/hibis-creation.fr\/wp-content\/uploads\/2023\/04\/IMG_20220625_210336.jpg\" \/>\n\t<meta property=\"og:image:width\" content=\"800\" \/>\n\t<meta property=\"og:image:height\" content=\"785\" \/>\n\t<meta property=\"og:image:type\" content=\"image\/jpeg\" \/>\n<meta name=\"twitter:card\" content=\"summary_large_image\" \/>\n<meta name=\"twitter:site\" content=\"@HibisCreation\" \/>\n<meta name=\"twitter:label1\" content=\"Dur\u00e9e de lecture estim\u00e9e\" \/>\n\t<meta name=\"twitter:data1\" content=\"1 minute\" \/>\n<script type=\"application\/ld+json\" class=\"yoast-schema-graph\">{\"@context\":\"https:\/\/schema.org\",\"@graph\":[{\"@type\":\"WebPage\",\"@id\":\"https:\/\/hibis-creation.fr\/?product=bandeau-madras-cheveux-rigide-et-modulable-pour-femme-bandeau-en-tissu-coton-madras-fait-a-la-main\",\"url\":\"https:\/\/hibis-creation.fr\/?product=bandeau-madras-cheveux-rigide-et-modulable-pour-femme-bandeau-en-tissu-coton-madras-fait-a-la-main\",\"name\":\"Bandeau Madras cheveux rigide et modulable pour femme bandeau en tissu coton madras fait \u00e0 la main - Cr\u00e9ation artisanale d\u2019article en tissu, couper et cousu en France\",\"isPartOf\":{\"@id\":\"https:\/\/hibis-creation.fr\/#website\"},\"primaryImageOfPage\":{\"@id\":\"https:\/\/hibis-creation.fr\/?product=bandeau-madras-cheveux-rigide-et-modulable-pour-femme-bandeau-en-tissu-coton-madras-fait-a-la-main#primaryimage\"},\"image\":{\"@id\":\"https:\/\/hibis-creation.fr\/?product=bandeau-madras-cheveux-rigide-et-modulable-pour-femme-bandeau-en-tissu-coton-madras-fait-a-la-main#primaryimage\"},\"thumbnailUrl\":\"https:\/\/hibis-creation.fr\/wp-content\/uploads\/2023\/04\/IMG_20220625_210336.jpg\",\"datePublished\":\"2023-04-01T09:27:28+00:00\",\"dateModified\":\"2025-07-16T09:12:20+00:00\",\"description\":\"Bandeau Madras cheveux rigide et modulable pour femme bandeau en tissu coton madras fait \u00e0 la main tr\u00e8s facile d'utilisation\",\"breadcrumb\":{\"@id\":\"https:\/\/hibis-creation.fr\/?product=bandeau-madras-cheveux-rigide-et-modulable-pour-femme-bandeau-en-tissu-coton-madras-fait-a-la-main#breadcrumb\"},\"inLanguage\":\"fr-FR\",\"potentialAction\":[{\"@type\":\"ReadAction\",\"target\":[\"https:\/\/hibis-creation.fr\/?product=bandeau-madras-cheveux-rigide-et-modulable-pour-femme-bandeau-en-tissu-coton-madras-fait-a-la-main\"]}]},{\"@type\":\"ImageObject\",\"inLanguage\":\"fr-FR\",\"@id\":\"https:\/\/hibis-creation.fr\/?product=bandeau-madras-cheveux-rigide-et-modulable-pour-femme-bandeau-en-tissu-coton-madras-fait-a-la-main#primaryimage\",\"url\":\"https:\/\/hibis-creation.fr\/wp-content\/uploads\/2023\/04\/IMG_20220625_210336.jpg\",\"contentUrl\":\"https:\/\/hibis-creation.fr\/wp-content\/uploads\/2023\/04\/IMG_20220625_210336.jpg\",\"width\":800,\"height\":785},{\"@type\":\"BreadcrumbList\",\"@id\":\"https:\/\/hibis-creation.fr\/?product=bandeau-madras-cheveux-rigide-et-modulable-pour-femme-bandeau-en-tissu-coton-madras-fait-a-la-main#breadcrumb\",\"itemListElement\":[{\"@type\":\"ListItem\",\"position\":1,\"name\":\"Accueil\",\"item\":\"https:\/\/hibis-creation.fr\/\"},{\"@type\":\"ListItem\",\"position\":2,\"name\":\"Boutique\",\"item\":\"https:\/\/hibis-creation.fr\/?page_id=446\"},{\"@type\":\"ListItem\",\"position\":3,\"name\":\"Bandeau Madras cheveux rigide et modulable pour femme bandeau en tissu coton madras fait \u00e0 la main\"}]},{\"@type\":\"WebSite\",\"@id\":\"https:\/\/hibis-creation.fr\/#website\",\"url\":\"https:\/\/hibis-creation.fr\/\",\"name\":\"Cr\u00e9ation artisanale d\u2019article en tissu, couper et cousu en France\",\"description\":\"Hibis Cr\u00e9ation -couture \u00e9coresponsable\",\"potentialAction\":[{\"@type\":\"SearchAction\",\"target\":{\"@type\":\"EntryPoint\",\"urlTemplate\":\"https:\/\/hibis-creation.fr\/?s={search_term_string}\"},\"query-input\":{\"@type\":\"PropertyValueSpecification\",\"valueRequired\":true,\"valueName\":\"search_term_string\"}}],\"inLanguage\":\"fr-FR\"}]}<\/script>\n<!-- \/ Yoast SEO plugin. -->","yoast_head_json":{"title":"Bandeau Madras cheveux rigide et modulable pour femme bandeau en tissu coton madras fait \u00e0 la main - Cr\u00e9ation artisanale d\u2019article en tissu, couper et cousu en France","description":"Bandeau Madras cheveux rigide et modulable pour femme bandeau en tissu coton madras fait \u00e0 la main tr\u00e8s facile d'utilisation","robots":{"index":"index","follow":"follow","max-snippet":"max-snippet:-1","max-image-preview":"max-image-preview:large","max-video-preview":"max-video-preview:-1"},"canonical":"https:\/\/hibis-creation.fr\/?product=bandeau-madras-cheveux-rigide-et-modulable-pour-femme-bandeau-en-tissu-coton-madras-fait-a-la-main","og_locale":"fr_FR","og_type":"article","og_title":"Bandeau Madras cheveux rigide et modulable pour femme bandeau en tissu coton madras fait \u00e0 la main - Cr\u00e9ation artisanale d\u2019article en tissu, couper et cousu en France","og_description":"Bandeau Madras cheveux rigide et modulable pour femme bandeau en tissu coton madras fait \u00e0 la main tr\u00e8s facile d'utilisation","og_url":"https:\/\/hibis-creation.fr\/?product=bandeau-madras-cheveux-rigide-et-modulable-pour-femme-bandeau-en-tissu-coton-madras-fait-a-la-main","og_site_name":"Cr\u00e9ation artisanale d\u2019article en tissu, couper et cousu en France","article_publisher":"https:\/\/www.facebook.com\/hibiscreation\/insights\/?section=navReach","article_modified_time":"2025-07-16T09:12:20+00:00","og_image":[{"width":800,"height":785,"url":"https:\/\/hibis-creation.fr\/wp-content\/uploads\/2023\/04\/IMG_20220625_210336.jpg","type":"image\/jpeg"}],"twitter_card":"summary_large_image","twitter_site":"@HibisCreation","twitter_misc":{"Dur\u00e9e de lecture estim\u00e9e":"1 minute"},"schema":{"@context":"https:\/\/schema.org","@graph":[{"@type":"WebPage","@id":"https:\/\/hibis-creation.fr\/?product=bandeau-madras-cheveux-rigide-et-modulable-pour-femme-bandeau-en-tissu-coton-madras-fait-a-la-main","url":"https:\/\/hibis-creation.fr\/?product=bandeau-madras-cheveux-rigide-et-modulable-pour-femme-bandeau-en-tissu-coton-madras-fait-a-la-main","name":"Bandeau Madras cheveux rigide et modulable pour femme bandeau en tissu coton madras fait \u00e0 la main - Cr\u00e9ation artisanale d\u2019article en tissu, couper et cousu en France","isPartOf":{"@id":"https:\/\/hibis-creation.fr\/#website"},"primaryImageOfPage":{"@id":"https:\/\/hibis-creation.fr\/?product=bandeau-madras-cheveux-rigide-et-modulable-pour-femme-bandeau-en-tissu-coton-madras-fait-a-la-main#primaryimage"},"image":{"@id":"https:\/\/hibis-creation.fr\/?product=bandeau-madras-cheveux-rigide-et-modulable-pour-femme-bandeau-en-tissu-coton-madras-fait-a-la-main#primaryimage"},"thumbnailUrl":"https:\/\/hibis-creation.fr\/wp-content\/uploads\/2023\/04\/IMG_20220625_210336.jpg","datePublished":"2023-04-01T09:27:28+00:00","dateModified":"2025-07-16T09:12:20+00:00","description":"Bandeau Madras cheveux rigide et modulable pour femme bandeau en tissu coton madras fait \u00e0 la main tr\u00e8s facile d'utilisation","breadcrumb":{"@id":"https:\/\/hibis-creation.fr\/?product=bandeau-madras-cheveux-rigide-et-modulable-pour-femme-bandeau-en-tissu-coton-madras-fait-a-la-main#breadcrumb"},"inLanguage":"fr-FR","potentialAction":[{"@type":"ReadAction","target":["https:\/\/hibis-creation.fr\/?product=bandeau-madras-cheveux-rigide-et-modulable-pour-femme-bandeau-en-tissu-coton-madras-fait-a-la-main"]}]},{"@type":"ImageObject","inLanguage":"fr-FR","@id":"https:\/\/hibis-creation.fr\/?product=bandeau-madras-cheveux-rigide-et-modulable-pour-femme-bandeau-en-tissu-coton-madras-fait-a-la-main#primaryimage","url":"https:\/\/hibis-creation.fr\/wp-content\/uploads\/2023\/04\/IMG_20220625_210336.jpg","contentUrl":"https:\/\/hibis-creation.fr\/wp-content\/uploads\/2023\/04\/IMG_20220625_210336.jpg","width":800,"height":785},{"@type":"BreadcrumbList","@id":"https:\/\/hibis-creation.fr\/?product=bandeau-madras-cheveux-rigide-et-modulable-pour-femme-bandeau-en-tissu-coton-madras-fait-a-la-main#breadcrumb","itemListElement":[{"@type":"ListItem","position":1,"name":"Accueil","item":"https:\/\/hibis-creation.fr\/"},{"@type":"ListItem","position":2,"name":"Boutique","item":"https:\/\/hibis-creation.fr\/?page_id=446"},{"@type":"ListItem","position":3,"name":"Bandeau Madras cheveux rigide et modulable pour femme bandeau en tissu coton madras fait \u00e0 la main"}]},{"@type":"WebSite","@id":"https:\/\/hibis-creation.fr\/#website","url":"https:\/\/hibis-creation.fr\/","name":"Cr\u00e9ation artisanale d\u2019article en tissu, couper et cousu en France","description":"Hibis Cr\u00e9ation -couture \u00e9coresponsable","potentialAction":[{"@type":"SearchAction","target":{"@type":"EntryPoint","urlTemplate":"https:\/\/hibis-creation.fr\/?s={search_term_string}"},"query-input":{"@type":"PropertyValueSpecification","valueRequired":true,"valueName":"search_term_string"}}],"inLanguage":"fr-FR"}]}},"jetpack_sharing_enabled":true,"_links":{"self":[{"href":"https:\/\/hibis-creation.fr\/index.php?rest_route=\/wp\/v2\/product\/1580"}],"collection":[{"href":"https:\/\/hibis-creation.fr\/index.php?rest_route=\/wp\/v2\/product"}],"about":[{"href":"https:\/\/hibis-creation.fr\/index.php?rest_route=\/wp\/v2\/types\/product"}],"replies":[{"embeddable":true,"href":"https:\/\/hibis-creation.fr\/index.php?rest_route=%2Fwp%2Fv2%2Fcomments&post=1580"}],"wp:featuredmedia":[{"embeddable":true,"href":"https:\/\/hibis-creation.fr\/index.php?rest_route=\/wp\/v2\/media\/1583"}],"wp:attachment":[{"href":"https:\/\/hibis-creation.fr\/index.php?rest_route=%2Fwp%2Fv2%2Fmedia&parent=1580"}],"wp:term":[{"taxonomy":"product_brand","embeddable":true,"href":"https:\/\/hibis-creation.fr\/index.php?rest_route=%2Fwp%2Fv2%2Fproduct_brand&post=1580"},{"taxonomy":"product_cat","embeddable":true,"href":"https:\/\/hibis-creation.fr\/index.php?rest_route=%2Fwp%2Fv2%2Fproduct_cat&post=1580"},{"taxonomy":"product_tag","embeddable":true,"href":"https:\/\/hibis-creation.fr\/index.php?rest_route=%2Fwp%2Fv2%2Fproduct_tag&post=1580"}],"curies":[{"name":"wp","href":"https:\/\/api.w.org\/{rel}","templated":true}]}}