{"id":1918,"date":"2023-11-29T15:39:49","date_gmt":"2023-11-29T15:39:49","guid":{"rendered":"https:\/\/hibis-creation.fr\/?post_type=product&#038;p=1918"},"modified":"2025-07-16T08:53:20","modified_gmt":"2025-07-16T08:53:20","slug":"kits-3-pieces-de-furoshiki-emballages-cadeaux-ecologique-de-noel-reutilisables-et-lavables-en-tissus-coton-une-alternative-eco-responsable-zero-dechet-le-furoshiki-est-lemballage-ideal-qui-ne-produ-2","status":"publish","type":"product","link":"https:\/\/hibis-creation.fr\/?product=kits-3-pieces-de-furoshiki-emballages-cadeaux-ecologique-de-noel-reutilisables-et-lavables-en-tissus-coton-une-alternative-eco-responsable-zero-dechet-le-furoshiki-est-lemballage-ideal-qui-ne-produ-2","title":{"rendered":"Kits 3 pi\u00e8ces de furoshiki emballages cadeaux \u00e9cologique de No\u00ebl r\u00e9utilisables et lavables en tissus coton une alternative \u00e9co-responsable z\u00e9ro d\u00e9chet. Le Furoshiki est l&#8217;emballage id\u00e9al qui ne produit pas de d\u00e9chet"},"content":{"rendered":"<p><img loading=\"lazy\" decoding=\"async\" class=\"size-medium wp-image-1482\" src=\"https:\/\/hibis-creation.fr\/wp-content\/uploads\/2022\/11\/fab_bloc_rvb-755x1024-1-221x300.png\" alt=\"furoshiki emballage cadeau\" width=\"221\" height=\"300\" \/><\/p>\n<p>Furoshiki emballage en tissu coton de No\u00ebl. Dans le lot de 3 pcs il y a:<br \/>\nde 3 pcs il y a:<br \/>\n80\/50CM<br \/>\n70\/52 CM<br \/>\n60\/45CM<br \/>\nCe lot d&rsquo; emballage cadeau r\u00e9utilisable,<br \/>\nest une alternative \u00e9co-responsable<br \/>\ndurable et \u00e9conomique qui permet de faire<br \/>\nun bon pas vers le \u00ab\u00a0z\u00e9ro d\u00e9chet\u00a0\u00bb.<br \/>\nLe Furoshiki est l&#8217;emballage id\u00e9ale qui ne produit pas de d\u00e9chet.<br \/>\nVivons No\u00ebl de cette ann\u00e9e et gardons \u00e0 l&rsquo;esprit la perspective<br \/>\nde demain \u00e9galement dans les gestes que nous poserons chaque jour!<\/p>\n","protected":false},"excerpt":{"rendered":"<div id=\"attachment_1482\" style=\"width: 231px\" class=\"wp-caption alignnone\"><img loading=\"lazy\" decoding=\"async\" aria-describedby=\"caption-attachment-1482\" class=\"size-medium wp-image-1482\" src=\"https:\/\/hibis-creation.fr\/wp-content\/uploads\/2022\/11\/fab_bloc_rvb-755x1024-1-221x300.png\" alt=\"furoshiki emballage cadeau\" width=\"221\" height=\"300\" \/><p id=\"caption-attachment-1482\" class=\"wp-caption-text\">emballages cadeaux \u00e9cologique<\/p><\/div>\n<p>&nbsp;<\/p>\n","protected":false},"featured_media":1920,"comment_status":"open","ping_status":"closed","template":"","meta":{"_et_pb_use_builder":"","_et_pb_old_content":"","_et_gb_content_width":""},"product_brand":[],"product_cat":[129],"product_tag":[130,131,132,134,133],"class_list":{"0":"post-1918","1":"product","2":"type-product","3":"status-publish","4":"has-post-thumbnail","6":"product_cat-furoshiki-emballages-cadeaux","7":"product_tag-cadeau","8":"product_tag-emballage-cadeau","9":"product_tag-emballages-cadeaux","10":"product_tag-fete-de-fin-dannee","11":"product_tag-noel","13":"first","14":"outofstock","15":"featured","16":"taxable","17":"shipping-taxable","18":"purchasable","19":"product-type-simple"},"yoast_head":"<!-- This site is optimized with the Yoast SEO plugin v23.9 - https:\/\/yoast.com\/wordpress\/plugins\/seo\/ -->\n<title>Kits 3 pi\u00e8ces de furoshiki emballages cadeaux \u00e9cologique de No\u00ebl r\u00e9utilisables et lavables en tissus coton une alternative \u00e9co-responsable z\u00e9ro d\u00e9chet. Le Furoshiki est l&#039;emballage id\u00e9al qui ne produit pas de d\u00e9chet - Cr\u00e9ation artisanale d\u2019article en tissu, couper et cousu en France Cr\u00e9ation artisanale d\u2019article en tissu, couper et cousu en France %<\/title>\n<meta name=\"description\" content=\"Furoshiki emballage cadeau z\u00e9ro d\u00e9chet \u00e9cologique et \u00e9conomique r\u00e9utilisable. Le Furoshiki est l&#039;emballage id\u00e9ale qui ne produit pas de d\u00e9chet.\" \/>\n<meta name=\"robots\" content=\"index, follow, max-snippet:-1, max-image-preview:large, max-video-preview:-1\" \/>\n<link rel=\"canonical\" href=\"https:\/\/hibis-creation.fr\/?product=kits-3-pieces-de-furoshiki-emballages-cadeaux-ecologique-de-noel-reutilisables-et-lavables-en-tissus-coton-une-alternative-eco-responsable-zero-dechet-le-furoshiki-est-lemballage-ideal-qui-ne-produ-2\" \/>\n<meta property=\"og:locale\" content=\"fr_FR\" \/>\n<meta property=\"og:type\" content=\"article\" \/>\n<meta property=\"og:title\" content=\"Kits 3 pi\u00e8ces de furoshiki emballages cadeaux \u00e9cologique de No\u00ebl r\u00e9utilisables et lavables en tissus coton une alternative \u00e9co-responsable z\u00e9ro d\u00e9chet. Le Furoshiki est l&#039;emballage id\u00e9al qui ne produit pas de d\u00e9chet - Cr\u00e9ation artisanale d\u2019article en tissu, couper et cousu en France Cr\u00e9ation artisanale d\u2019article en tissu, couper et cousu en France %\" \/>\n<meta property=\"og:description\" content=\"Furoshiki emballage cadeau z\u00e9ro d\u00e9chet \u00e9cologique et \u00e9conomique r\u00e9utilisable. Le Furoshiki est l&#039;emballage id\u00e9ale qui ne produit pas de d\u00e9chet.\" \/>\n<meta property=\"og:url\" content=\"https:\/\/hibis-creation.fr\/?product=kits-3-pieces-de-furoshiki-emballages-cadeaux-ecologique-de-noel-reutilisables-et-lavables-en-tissus-coton-une-alternative-eco-responsable-zero-dechet-le-furoshiki-est-lemballage-ideal-qui-ne-produ-2\" \/>\n<meta property=\"og:site_name\" content=\"Cr\u00e9ation artisanale d\u2019article en tissu, couper et cousu en France\" \/>\n<meta property=\"article:publisher\" content=\"https:\/\/www.facebook.com\/hibiscreation\/insights\/?section=navReach\" \/>\n<meta property=\"article:modified_time\" content=\"2025-07-16T08:53:20+00:00\" \/>\n<meta property=\"og:image\" content=\"https:\/\/hibis-creation.fr\/wp-content\/uploads\/2023\/11\/IMG_20231114_171152.png\" \/>\n\t<meta property=\"og:image:width\" content=\"1411\" \/>\n\t<meta property=\"og:image:height\" content=\"1243\" \/>\n\t<meta property=\"og:image:type\" content=\"image\/png\" \/>\n<meta name=\"twitter:card\" content=\"summary_large_image\" \/>\n<meta name=\"twitter:site\" content=\"@HibisCreation\" \/>\n<meta name=\"twitter:label1\" content=\"Dur\u00e9e de lecture estim\u00e9e\" \/>\n\t<meta name=\"twitter:data1\" content=\"1 minute\" \/>\n<script type=\"application\/ld+json\" class=\"yoast-schema-graph\">{\"@context\":\"https:\/\/schema.org\",\"@graph\":[{\"@type\":\"WebPage\",\"@id\":\"https:\/\/hibis-creation.fr\/?product=kits-3-pieces-de-furoshiki-emballages-cadeaux-ecologique-de-noel-reutilisables-et-lavables-en-tissus-coton-une-alternative-eco-responsable-zero-dechet-le-furoshiki-est-lemballage-ideal-qui-ne-produ-2\",\"url\":\"https:\/\/hibis-creation.fr\/?product=kits-3-pieces-de-furoshiki-emballages-cadeaux-ecologique-de-noel-reutilisables-et-lavables-en-tissus-coton-une-alternative-eco-responsable-zero-dechet-le-furoshiki-est-lemballage-ideal-qui-ne-produ-2\",\"name\":\"Kits 3 pi\u00e8ces de furoshiki emballages cadeaux \u00e9cologique de No\u00ebl r\u00e9utilisables et lavables en tissus coton une alternative \u00e9co-responsable z\u00e9ro d\u00e9chet. Le Furoshiki est l'emballage id\u00e9al qui ne produit pas de d\u00e9chet - Cr\u00e9ation artisanale d\u2019article en tissu, couper et cousu en France Cr\u00e9ation artisanale d\u2019article en tissu, couper et cousu en France %\",\"isPartOf\":{\"@id\":\"https:\/\/hibis-creation.fr\/#website\"},\"primaryImageOfPage\":{\"@id\":\"https:\/\/hibis-creation.fr\/?product=kits-3-pieces-de-furoshiki-emballages-cadeaux-ecologique-de-noel-reutilisables-et-lavables-en-tissus-coton-une-alternative-eco-responsable-zero-dechet-le-furoshiki-est-lemballage-ideal-qui-ne-produ-2#primaryimage\"},\"image\":{\"@id\":\"https:\/\/hibis-creation.fr\/?product=kits-3-pieces-de-furoshiki-emballages-cadeaux-ecologique-de-noel-reutilisables-et-lavables-en-tissus-coton-une-alternative-eco-responsable-zero-dechet-le-furoshiki-est-lemballage-ideal-qui-ne-produ-2#primaryimage\"},\"thumbnailUrl\":\"https:\/\/hibis-creation.fr\/wp-content\/uploads\/2023\/11\/IMG_20231114_171152.png\",\"datePublished\":\"2023-11-29T15:39:49+00:00\",\"dateModified\":\"2025-07-16T08:53:20+00:00\",\"description\":\"Furoshiki emballage cadeau z\u00e9ro d\u00e9chet \u00e9cologique et \u00e9conomique r\u00e9utilisable. Le Furoshiki est l'emballage id\u00e9ale qui ne produit pas de d\u00e9chet.\",\"breadcrumb\":{\"@id\":\"https:\/\/hibis-creation.fr\/?product=kits-3-pieces-de-furoshiki-emballages-cadeaux-ecologique-de-noel-reutilisables-et-lavables-en-tissus-coton-une-alternative-eco-responsable-zero-dechet-le-furoshiki-est-lemballage-ideal-qui-ne-produ-2#breadcrumb\"},\"inLanguage\":\"fr-FR\",\"potentialAction\":[{\"@type\":\"ReadAction\",\"target\":[\"https:\/\/hibis-creation.fr\/?product=kits-3-pieces-de-furoshiki-emballages-cadeaux-ecologique-de-noel-reutilisables-et-lavables-en-tissus-coton-une-alternative-eco-responsable-zero-dechet-le-furoshiki-est-lemballage-ideal-qui-ne-produ-2\"]}]},{\"@type\":\"ImageObject\",\"inLanguage\":\"fr-FR\",\"@id\":\"https:\/\/hibis-creation.fr\/?product=kits-3-pieces-de-furoshiki-emballages-cadeaux-ecologique-de-noel-reutilisables-et-lavables-en-tissus-coton-une-alternative-eco-responsable-zero-dechet-le-furoshiki-est-lemballage-ideal-qui-ne-produ-2#primaryimage\",\"url\":\"https:\/\/hibis-creation.fr\/wp-content\/uploads\/2023\/11\/IMG_20231114_171152.png\",\"contentUrl\":\"https:\/\/hibis-creation.fr\/wp-content\/uploads\/2023\/11\/IMG_20231114_171152.png\",\"width\":1411,\"height\":1243},{\"@type\":\"BreadcrumbList\",\"@id\":\"https:\/\/hibis-creation.fr\/?product=kits-3-pieces-de-furoshiki-emballages-cadeaux-ecologique-de-noel-reutilisables-et-lavables-en-tissus-coton-une-alternative-eco-responsable-zero-dechet-le-furoshiki-est-lemballage-ideal-qui-ne-produ-2#breadcrumb\",\"itemListElement\":[{\"@type\":\"ListItem\",\"position\":1,\"name\":\"Accueil\",\"item\":\"https:\/\/hibis-creation.fr\/\"},{\"@type\":\"ListItem\",\"position\":2,\"name\":\"Boutique\",\"item\":\"https:\/\/hibis-creation.fr\/?page_id=446\"},{\"@type\":\"ListItem\",\"position\":3,\"name\":\"Kits 3 pi\u00e8ces de furoshiki emballages cadeaux \u00e9cologique de No\u00ebl r\u00e9utilisables et lavables en tissus coton une alternative \u00e9co-responsable z\u00e9ro d\u00e9chet. Le Furoshiki est l&#8217;emballage id\u00e9al qui ne produit pas de d\u00e9chet\"}]},{\"@type\":\"WebSite\",\"@id\":\"https:\/\/hibis-creation.fr\/#website\",\"url\":\"https:\/\/hibis-creation.fr\/\",\"name\":\"Cr\u00e9ation artisanale d\u2019article en tissu, couper et cousu en France\",\"description\":\"Hibis Cr\u00e9ation -couture \u00e9coresponsable\",\"potentialAction\":[{\"@type\":\"SearchAction\",\"target\":{\"@type\":\"EntryPoint\",\"urlTemplate\":\"https:\/\/hibis-creation.fr\/?s={search_term_string}\"},\"query-input\":{\"@type\":\"PropertyValueSpecification\",\"valueRequired\":true,\"valueName\":\"search_term_string\"}}],\"inLanguage\":\"fr-FR\"}]}<\/script>\n<!-- \/ Yoast SEO plugin. -->","yoast_head_json":{"title":"Kits 3 pi\u00e8ces de furoshiki emballages cadeaux \u00e9cologique de No\u00ebl r\u00e9utilisables et lavables en tissus coton une alternative \u00e9co-responsable z\u00e9ro d\u00e9chet. Le Furoshiki est l'emballage id\u00e9al qui ne produit pas de d\u00e9chet - Cr\u00e9ation artisanale d\u2019article en tissu, couper et cousu en France Cr\u00e9ation artisanale d\u2019article en tissu, couper et cousu en France %","description":"Furoshiki emballage cadeau z\u00e9ro d\u00e9chet \u00e9cologique et \u00e9conomique r\u00e9utilisable. Le Furoshiki est l'emballage id\u00e9ale qui ne produit pas de d\u00e9chet.","robots":{"index":"index","follow":"follow","max-snippet":"max-snippet:-1","max-image-preview":"max-image-preview:large","max-video-preview":"max-video-preview:-1"},"canonical":"https:\/\/hibis-creation.fr\/?product=kits-3-pieces-de-furoshiki-emballages-cadeaux-ecologique-de-noel-reutilisables-et-lavables-en-tissus-coton-une-alternative-eco-responsable-zero-dechet-le-furoshiki-est-lemballage-ideal-qui-ne-produ-2","og_locale":"fr_FR","og_type":"article","og_title":"Kits 3 pi\u00e8ces de furoshiki emballages cadeaux \u00e9cologique de No\u00ebl r\u00e9utilisables et lavables en tissus coton une alternative \u00e9co-responsable z\u00e9ro d\u00e9chet. Le Furoshiki est l'emballage id\u00e9al qui ne produit pas de d\u00e9chet - Cr\u00e9ation artisanale d\u2019article en tissu, couper et cousu en France Cr\u00e9ation artisanale d\u2019article en tissu, couper et cousu en France %","og_description":"Furoshiki emballage cadeau z\u00e9ro d\u00e9chet \u00e9cologique et \u00e9conomique r\u00e9utilisable. Le Furoshiki est l'emballage id\u00e9ale qui ne produit pas de d\u00e9chet.","og_url":"https:\/\/hibis-creation.fr\/?product=kits-3-pieces-de-furoshiki-emballages-cadeaux-ecologique-de-noel-reutilisables-et-lavables-en-tissus-coton-une-alternative-eco-responsable-zero-dechet-le-furoshiki-est-lemballage-ideal-qui-ne-produ-2","og_site_name":"Cr\u00e9ation artisanale d\u2019article en tissu, couper et cousu en France","article_publisher":"https:\/\/www.facebook.com\/hibiscreation\/insights\/?section=navReach","article_modified_time":"2025-07-16T08:53:20+00:00","og_image":[{"width":1411,"height":1243,"url":"https:\/\/hibis-creation.fr\/wp-content\/uploads\/2023\/11\/IMG_20231114_171152.png","type":"image\/png"}],"twitter_card":"summary_large_image","twitter_site":"@HibisCreation","twitter_misc":{"Dur\u00e9e de lecture estim\u00e9e":"1 minute"},"schema":{"@context":"https:\/\/schema.org","@graph":[{"@type":"WebPage","@id":"https:\/\/hibis-creation.fr\/?product=kits-3-pieces-de-furoshiki-emballages-cadeaux-ecologique-de-noel-reutilisables-et-lavables-en-tissus-coton-une-alternative-eco-responsable-zero-dechet-le-furoshiki-est-lemballage-ideal-qui-ne-produ-2","url":"https:\/\/hibis-creation.fr\/?product=kits-3-pieces-de-furoshiki-emballages-cadeaux-ecologique-de-noel-reutilisables-et-lavables-en-tissus-coton-une-alternative-eco-responsable-zero-dechet-le-furoshiki-est-lemballage-ideal-qui-ne-produ-2","name":"Kits 3 pi\u00e8ces de furoshiki emballages cadeaux \u00e9cologique de No\u00ebl r\u00e9utilisables et lavables en tissus coton une alternative \u00e9co-responsable z\u00e9ro d\u00e9chet. Le Furoshiki est l'emballage id\u00e9al qui ne produit pas de d\u00e9chet - Cr\u00e9ation artisanale d\u2019article en tissu, couper et cousu en France Cr\u00e9ation artisanale d\u2019article en tissu, couper et cousu en France %","isPartOf":{"@id":"https:\/\/hibis-creation.fr\/#website"},"primaryImageOfPage":{"@id":"https:\/\/hibis-creation.fr\/?product=kits-3-pieces-de-furoshiki-emballages-cadeaux-ecologique-de-noel-reutilisables-et-lavables-en-tissus-coton-une-alternative-eco-responsable-zero-dechet-le-furoshiki-est-lemballage-ideal-qui-ne-produ-2#primaryimage"},"image":{"@id":"https:\/\/hibis-creation.fr\/?product=kits-3-pieces-de-furoshiki-emballages-cadeaux-ecologique-de-noel-reutilisables-et-lavables-en-tissus-coton-une-alternative-eco-responsable-zero-dechet-le-furoshiki-est-lemballage-ideal-qui-ne-produ-2#primaryimage"},"thumbnailUrl":"https:\/\/hibis-creation.fr\/wp-content\/uploads\/2023\/11\/IMG_20231114_171152.png","datePublished":"2023-11-29T15:39:49+00:00","dateModified":"2025-07-16T08:53:20+00:00","description":"Furoshiki emballage cadeau z\u00e9ro d\u00e9chet \u00e9cologique et \u00e9conomique r\u00e9utilisable. Le Furoshiki est l'emballage id\u00e9ale qui ne produit pas de d\u00e9chet.","breadcrumb":{"@id":"https:\/\/hibis-creation.fr\/?product=kits-3-pieces-de-furoshiki-emballages-cadeaux-ecologique-de-noel-reutilisables-et-lavables-en-tissus-coton-une-alternative-eco-responsable-zero-dechet-le-furoshiki-est-lemballage-ideal-qui-ne-produ-2#breadcrumb"},"inLanguage":"fr-FR","potentialAction":[{"@type":"ReadAction","target":["https:\/\/hibis-creation.fr\/?product=kits-3-pieces-de-furoshiki-emballages-cadeaux-ecologique-de-noel-reutilisables-et-lavables-en-tissus-coton-une-alternative-eco-responsable-zero-dechet-le-furoshiki-est-lemballage-ideal-qui-ne-produ-2"]}]},{"@type":"ImageObject","inLanguage":"fr-FR","@id":"https:\/\/hibis-creation.fr\/?product=kits-3-pieces-de-furoshiki-emballages-cadeaux-ecologique-de-noel-reutilisables-et-lavables-en-tissus-coton-une-alternative-eco-responsable-zero-dechet-le-furoshiki-est-lemballage-ideal-qui-ne-produ-2#primaryimage","url":"https:\/\/hibis-creation.fr\/wp-content\/uploads\/2023\/11\/IMG_20231114_171152.png","contentUrl":"https:\/\/hibis-creation.fr\/wp-content\/uploads\/2023\/11\/IMG_20231114_171152.png","width":1411,"height":1243},{"@type":"BreadcrumbList","@id":"https:\/\/hibis-creation.fr\/?product=kits-3-pieces-de-furoshiki-emballages-cadeaux-ecologique-de-noel-reutilisables-et-lavables-en-tissus-coton-une-alternative-eco-responsable-zero-dechet-le-furoshiki-est-lemballage-ideal-qui-ne-produ-2#breadcrumb","itemListElement":[{"@type":"ListItem","position":1,"name":"Accueil","item":"https:\/\/hibis-creation.fr\/"},{"@type":"ListItem","position":2,"name":"Boutique","item":"https:\/\/hibis-creation.fr\/?page_id=446"},{"@type":"ListItem","position":3,"name":"Kits 3 pi\u00e8ces de furoshiki emballages cadeaux \u00e9cologique de No\u00ebl r\u00e9utilisables et lavables en tissus coton une alternative \u00e9co-responsable z\u00e9ro d\u00e9chet. Le Furoshiki est l&#8217;emballage id\u00e9al qui ne produit pas de d\u00e9chet"}]},{"@type":"WebSite","@id":"https:\/\/hibis-creation.fr\/#website","url":"https:\/\/hibis-creation.fr\/","name":"Cr\u00e9ation artisanale d\u2019article en tissu, couper et cousu en France","description":"Hibis Cr\u00e9ation -couture \u00e9coresponsable","potentialAction":[{"@type":"SearchAction","target":{"@type":"EntryPoint","urlTemplate":"https:\/\/hibis-creation.fr\/?s={search_term_string}"},"query-input":{"@type":"PropertyValueSpecification","valueRequired":true,"valueName":"search_term_string"}}],"inLanguage":"fr-FR"}]}},"jetpack_sharing_enabled":true,"_links":{"self":[{"href":"https:\/\/hibis-creation.fr\/index.php?rest_route=\/wp\/v2\/product\/1918"}],"collection":[{"href":"https:\/\/hibis-creation.fr\/index.php?rest_route=\/wp\/v2\/product"}],"about":[{"href":"https:\/\/hibis-creation.fr\/index.php?rest_route=\/wp\/v2\/types\/product"}],"replies":[{"embeddable":true,"href":"https:\/\/hibis-creation.fr\/index.php?rest_route=%2Fwp%2Fv2%2Fcomments&post=1918"}],"wp:featuredmedia":[{"embeddable":true,"href":"https:\/\/hibis-creation.fr\/index.php?rest_route=\/wp\/v2\/media\/1920"}],"wp:attachment":[{"href":"https:\/\/hibis-creation.fr\/index.php?rest_route=%2Fwp%2Fv2%2Fmedia&parent=1918"}],"wp:term":[{"taxonomy":"product_brand","embeddable":true,"href":"https:\/\/hibis-creation.fr\/index.php?rest_route=%2Fwp%2Fv2%2Fproduct_brand&post=1918"},{"taxonomy":"product_cat","embeddable":true,"href":"https:\/\/hibis-creation.fr\/index.php?rest_route=%2Fwp%2Fv2%2Fproduct_cat&post=1918"},{"taxonomy":"product_tag","embeddable":true,"href":"https:\/\/hibis-creation.fr\/index.php?rest_route=%2Fwp%2Fv2%2Fproduct_tag&post=1918"}],"curies":[{"name":"wp","href":"https:\/\/api.w.org\/{rel}","templated":true}]}}