{"id":2053,"date":"2024-04-27T14:38:44","date_gmt":"2024-04-27T14:38:44","guid":{"rendered":"https:\/\/hibis-creation.fr\/?post_type=product&#038;p=2053"},"modified":"2025-09-05T03:21:37","modified_gmt":"2025-09-05T03:21:37","slug":"jupe-ete-evasee-legere-tissu-madras-a-carreaux-pour-femme-ceinture-stretch-confortable-et-adaptable-en-coton-elle-est-realisee-a-la-main-copie","status":"publish","type":"product","link":"https:\/\/hibis-creation.fr\/?product=jupe-ete-evasee-legere-tissu-madras-a-carreaux-pour-femme-ceinture-stretch-confortable-et-adaptable-en-coton-elle-est-realisee-a-la-main-copie","title":{"rendered":"Jupe \u00e9t\u00e9 \u00e9vas\u00e9e l\u00e9g\u00e8re tissu madras \u00e0 carreaux pour femme ceinture stretch confortable et adaptable en coton elle est r\u00e9alis\u00e9e \u00e0 la main"},"content":{"rendered":"<div><\/div>\n<div>\n<p>Jupe \u00e9t\u00e9 \u00e9vas\u00e9e l\u00e9g\u00e8re tissu madras \u00e0 carreaux bleu, verte et noire pour femmes ceinture stretch confortable et adaptable en coton elle est r\u00e9alis\u00e9e \u00e0 la main<\/p>\n<p>Taille 40\/ Long: 46 cm<\/p>\n<p>&nbsp;<\/p>\n<p>&nbsp;<\/p>\n<p>&nbsp;<\/p>\n<\/div>\n","protected":false},"excerpt":{"rendered":"<p>Lingettes d\u00e9maquillante bambou \u00e9cologique<\/p>\n","protected":false},"featured_media":2049,"comment_status":"open","ping_status":"closed","template":"","meta":{"_et_pb_use_builder":"","_et_pb_old_content":"","_et_gb_content_width":""},"product_brand":[],"product_cat":[109,140,139,135,25],"product_tag":[27,136,138,137],"class_list":{"0":"post-2053","1":"product","2":"type-product","3":"status-publish","4":"has-post-thumbnail","6":"product_cat-foulard-et-pochette","7":"product_cat-jupe-antillaise","8":"product_cat-jupe-madras","9":"product_cat-jupes","10":"product_cat-lingettes","11":"product_tag-bambou","12":"product_tag-jupe","13":"product_tag-jupe-femme","14":"product_tag-jupe-madras","16":"first","17":"onbackorder","18":"featured","19":"taxable","20":"shipping-taxable","21":"purchasable","22":"product-type-simple"},"yoast_head":"<!-- This site is optimized with the Yoast SEO plugin v23.9 - https:\/\/yoast.com\/wordpress\/plugins\/seo\/ -->\n<title>Jupe \u00e9t\u00e9 \u00e9vas\u00e9e l\u00e9g\u00e8re tissu madras \u00e0 carreaux pour femme ceinture stretch confortable et adaptable en coton elle est r\u00e9alis\u00e9e \u00e0 la main S\u00e9ceparateur Cr\u00e9ation artisanale d\u2019article en tissu, couper et cousu en France<\/title>\n<meta name=\"description\" content=\"confortable et adaptable en coton elle est r\u00e9alis\u00e9e \u00e0 la main\" \/>\n<meta name=\"robots\" content=\"index, follow, max-snippet:-1, max-image-preview:large, max-video-preview:-1\" \/>\n<link rel=\"canonical\" href=\"https:\/\/hibis-creation.fr\/?product=jupe-ete-evasee-legere-tissu-madras-a-carreaux-pour-femme-ceinture-stretch-confortable-et-adaptable-en-coton-elle-est-realisee-a-la-main-copie\" \/>\n<meta property=\"og:locale\" content=\"fr_FR\" \/>\n<meta property=\"og:type\" content=\"article\" \/>\n<meta property=\"og:title\" content=\"Jupe \u00e9t\u00e9 \u00e9vas\u00e9e l\u00e9g\u00e8re tissu madras \u00e0 carreaux pour femme ceinture stretch confortable et adaptable en coton elle est r\u00e9alis\u00e9e \u00e0 la main S\u00e9ceparateur Cr\u00e9ation artisanale d\u2019article en tissu, couper et cousu en France\" \/>\n<meta property=\"og:description\" content=\"Jupe Madras pour femmes cette jupe est fronc\u00e9 avec l&#039;\u00e9lastique \u00e0 la taille .\" \/>\n<meta property=\"og:url\" content=\"https:\/\/hibis-creation.fr\/?product=jupe-ete-evasee-legere-tissu-madras-a-carreaux-pour-femme-ceinture-stretch-confortable-et-adaptable-en-coton-elle-est-realisee-a-la-main-copie\" \/>\n<meta property=\"og:site_name\" content=\"Cr\u00e9ation artisanale d\u2019article en tissu, couper et cousu en France\" \/>\n<meta property=\"article:publisher\" content=\"https:\/\/www.facebook.com\/hibiscreation\/insights\/?section=navReach\" \/>\n<meta property=\"article:modified_time\" content=\"2025-09-05T03:21:37+00:00\" \/>\n<meta property=\"og:image\" content=\"https:\/\/hibis-creation.fr\/wp-content\/uploads\/2023\/03\/IMG_20230227_195805.png\" \/>\n\t<meta property=\"og:image:width\" content=\"1931\" \/>\n\t<meta property=\"og:image:height\" content=\"1824\" \/>\n\t<meta property=\"og:image:type\" content=\"image\/png\" \/>\n<meta name=\"twitter:card\" content=\"summary_large_image\" \/>\n<meta name=\"twitter:site\" content=\"@HibisCreation\" \/>\n<meta name=\"twitter:label1\" content=\"Dur\u00e9e de lecture estim\u00e9e\" \/>\n\t<meta name=\"twitter:data1\" content=\"1 minute\" \/>\n<script type=\"application\/ld+json\" class=\"yoast-schema-graph\">{\"@context\":\"https:\/\/schema.org\",\"@graph\":[{\"@type\":[\"WebPage\",\"SearchResultsPage\"],\"@id\":\"https:\/\/hibis-creation.fr\/?product=jupe-ete-evasee-legere-tissu-madras-a-carreaux-pour-femme-ceinture-stretch-confortable-et-adaptable-en-coton-elle-est-realisee-a-la-main-copie\",\"url\":\"https:\/\/hibis-creation.fr\/?product=jupe-ete-evasee-legere-tissu-madras-a-carreaux-pour-femme-ceinture-stretch-confortable-et-adaptable-en-coton-elle-est-realisee-a-la-main-copie\",\"name\":\"Jupe \u00e9t\u00e9 \u00e9vas\u00e9e l\u00e9g\u00e8re tissu madras \u00e0 carreaux pour femme ceinture stretch confortable et adaptable en coton elle est r\u00e9alis\u00e9e \u00e0 la main S\u00e9ceparateur Cr\u00e9ation artisanale d\u2019article en tissu, couper et cousu en France\",\"isPartOf\":{\"@id\":\"https:\/\/hibis-creation.fr\/#website\"},\"primaryImageOfPage\":{\"@id\":\"https:\/\/hibis-creation.fr\/?product=jupe-ete-evasee-legere-tissu-madras-a-carreaux-pour-femme-ceinture-stretch-confortable-et-adaptable-en-coton-elle-est-realisee-a-la-main-copie#primaryimage\"},\"image\":{\"@id\":\"https:\/\/hibis-creation.fr\/?product=jupe-ete-evasee-legere-tissu-madras-a-carreaux-pour-femme-ceinture-stretch-confortable-et-adaptable-en-coton-elle-est-realisee-a-la-main-copie#primaryimage\"},\"thumbnailUrl\":\"https:\/\/hibis-creation.fr\/wp-content\/uploads\/2024\/04\/IMG_20240426_165512.png\",\"datePublished\":\"2024-04-27T14:38:44+00:00\",\"dateModified\":\"2025-09-05T03:21:37+00:00\",\"description\":\"confortable et adaptable en coton elle est r\u00e9alis\u00e9e \u00e0 la main\",\"breadcrumb\":{\"@id\":\"https:\/\/hibis-creation.fr\/?product=jupe-ete-evasee-legere-tissu-madras-a-carreaux-pour-femme-ceinture-stretch-confortable-et-adaptable-en-coton-elle-est-realisee-a-la-main-copie#breadcrumb\"},\"inLanguage\":\"fr-FR\",\"potentialAction\":[{\"@type\":\"ReadAction\",\"target\":[\"https:\/\/hibis-creation.fr\/?product=jupe-ete-evasee-legere-tissu-madras-a-carreaux-pour-femme-ceinture-stretch-confortable-et-adaptable-en-coton-elle-est-realisee-a-la-main-copie\"]}]},{\"@type\":\"ImageObject\",\"inLanguage\":\"fr-FR\",\"@id\":\"https:\/\/hibis-creation.fr\/?product=jupe-ete-evasee-legere-tissu-madras-a-carreaux-pour-femme-ceinture-stretch-confortable-et-adaptable-en-coton-elle-est-realisee-a-la-main-copie#primaryimage\",\"url\":\"https:\/\/hibis-creation.fr\/wp-content\/uploads\/2024\/04\/IMG_20240426_165512.png\",\"contentUrl\":\"https:\/\/hibis-creation.fr\/wp-content\/uploads\/2024\/04\/IMG_20240426_165512.png\",\"width\":1164,\"height\":1303},{\"@type\":\"BreadcrumbList\",\"@id\":\"https:\/\/hibis-creation.fr\/?product=jupe-ete-evasee-legere-tissu-madras-a-carreaux-pour-femme-ceinture-stretch-confortable-et-adaptable-en-coton-elle-est-realisee-a-la-main-copie#breadcrumb\",\"itemListElement\":[{\"@type\":\"ListItem\",\"position\":1,\"name\":\"Accueil\",\"item\":\"https:\/\/hibis-creation.fr\/\"},{\"@type\":\"ListItem\",\"position\":2,\"name\":\"Boutique\",\"item\":\"https:\/\/hibis-creation.fr\/?page_id=446\"},{\"@type\":\"ListItem\",\"position\":3,\"name\":\"Jupe \u00e9t\u00e9 \u00e9vas\u00e9e l\u00e9g\u00e8re tissu madras \u00e0 carreaux pour femme ceinture stretch confortable et adaptable en coton elle est r\u00e9alis\u00e9e \u00e0 la main\"}]},{\"@type\":\"WebSite\",\"@id\":\"https:\/\/hibis-creation.fr\/#website\",\"url\":\"https:\/\/hibis-creation.fr\/\",\"name\":\"Cr\u00e9ation artisanale d\u2019article en tissu, couper et cousu en France\",\"description\":\"Hibis Cr\u00e9ation -couture \u00e9coresponsable\",\"potentialAction\":[{\"@type\":\"SearchAction\",\"target\":{\"@type\":\"EntryPoint\",\"urlTemplate\":\"https:\/\/hibis-creation.fr\/?s={search_term_string}\"},\"query-input\":{\"@type\":\"PropertyValueSpecification\",\"valueRequired\":true,\"valueName\":\"search_term_string\"}}],\"inLanguage\":\"fr-FR\"}]}<\/script>\n<!-- \/ Yoast SEO plugin. -->","yoast_head_json":{"title":"Jupe \u00e9t\u00e9 \u00e9vas\u00e9e l\u00e9g\u00e8re tissu madras \u00e0 carreaux pour femme ceinture stretch confortable et adaptable en coton elle est r\u00e9alis\u00e9e \u00e0 la main S\u00e9ceparateur Cr\u00e9ation artisanale d\u2019article en tissu, couper et cousu en France","description":"confortable et adaptable en coton elle est r\u00e9alis\u00e9e \u00e0 la main","robots":{"index":"index","follow":"follow","max-snippet":"max-snippet:-1","max-image-preview":"max-image-preview:large","max-video-preview":"max-video-preview:-1"},"canonical":"https:\/\/hibis-creation.fr\/?product=jupe-ete-evasee-legere-tissu-madras-a-carreaux-pour-femme-ceinture-stretch-confortable-et-adaptable-en-coton-elle-est-realisee-a-la-main-copie","og_locale":"fr_FR","og_type":"article","og_title":"Jupe \u00e9t\u00e9 \u00e9vas\u00e9e l\u00e9g\u00e8re tissu madras \u00e0 carreaux pour femme ceinture stretch confortable et adaptable en coton elle est r\u00e9alis\u00e9e \u00e0 la main S\u00e9ceparateur Cr\u00e9ation artisanale d\u2019article en tissu, couper et cousu en France","og_description":"Jupe Madras pour femmes cette jupe est fronc\u00e9 avec l'\u00e9lastique \u00e0 la taille .","og_url":"https:\/\/hibis-creation.fr\/?product=jupe-ete-evasee-legere-tissu-madras-a-carreaux-pour-femme-ceinture-stretch-confortable-et-adaptable-en-coton-elle-est-realisee-a-la-main-copie","og_site_name":"Cr\u00e9ation artisanale d\u2019article en tissu, couper et cousu en France","article_publisher":"https:\/\/www.facebook.com\/hibiscreation\/insights\/?section=navReach","article_modified_time":"2025-09-05T03:21:37+00:00","og_image":[{"width":1931,"height":1824,"url":"https:\/\/hibis-creation.fr\/wp-content\/uploads\/2023\/03\/IMG_20230227_195805.png","type":"image\/png"}],"twitter_card":"summary_large_image","twitter_site":"@HibisCreation","twitter_misc":{"Dur\u00e9e de lecture estim\u00e9e":"1 minute"},"schema":{"@context":"https:\/\/schema.org","@graph":[{"@type":["WebPage","SearchResultsPage"],"@id":"https:\/\/hibis-creation.fr\/?product=jupe-ete-evasee-legere-tissu-madras-a-carreaux-pour-femme-ceinture-stretch-confortable-et-adaptable-en-coton-elle-est-realisee-a-la-main-copie","url":"https:\/\/hibis-creation.fr\/?product=jupe-ete-evasee-legere-tissu-madras-a-carreaux-pour-femme-ceinture-stretch-confortable-et-adaptable-en-coton-elle-est-realisee-a-la-main-copie","name":"Jupe \u00e9t\u00e9 \u00e9vas\u00e9e l\u00e9g\u00e8re tissu madras \u00e0 carreaux pour femme ceinture stretch confortable et adaptable en coton elle est r\u00e9alis\u00e9e \u00e0 la main S\u00e9ceparateur Cr\u00e9ation artisanale d\u2019article en tissu, couper et cousu en France","isPartOf":{"@id":"https:\/\/hibis-creation.fr\/#website"},"primaryImageOfPage":{"@id":"https:\/\/hibis-creation.fr\/?product=jupe-ete-evasee-legere-tissu-madras-a-carreaux-pour-femme-ceinture-stretch-confortable-et-adaptable-en-coton-elle-est-realisee-a-la-main-copie#primaryimage"},"image":{"@id":"https:\/\/hibis-creation.fr\/?product=jupe-ete-evasee-legere-tissu-madras-a-carreaux-pour-femme-ceinture-stretch-confortable-et-adaptable-en-coton-elle-est-realisee-a-la-main-copie#primaryimage"},"thumbnailUrl":"https:\/\/hibis-creation.fr\/wp-content\/uploads\/2024\/04\/IMG_20240426_165512.png","datePublished":"2024-04-27T14:38:44+00:00","dateModified":"2025-09-05T03:21:37+00:00","description":"confortable et adaptable en coton elle est r\u00e9alis\u00e9e \u00e0 la main","breadcrumb":{"@id":"https:\/\/hibis-creation.fr\/?product=jupe-ete-evasee-legere-tissu-madras-a-carreaux-pour-femme-ceinture-stretch-confortable-et-adaptable-en-coton-elle-est-realisee-a-la-main-copie#breadcrumb"},"inLanguage":"fr-FR","potentialAction":[{"@type":"ReadAction","target":["https:\/\/hibis-creation.fr\/?product=jupe-ete-evasee-legere-tissu-madras-a-carreaux-pour-femme-ceinture-stretch-confortable-et-adaptable-en-coton-elle-est-realisee-a-la-main-copie"]}]},{"@type":"ImageObject","inLanguage":"fr-FR","@id":"https:\/\/hibis-creation.fr\/?product=jupe-ete-evasee-legere-tissu-madras-a-carreaux-pour-femme-ceinture-stretch-confortable-et-adaptable-en-coton-elle-est-realisee-a-la-main-copie#primaryimage","url":"https:\/\/hibis-creation.fr\/wp-content\/uploads\/2024\/04\/IMG_20240426_165512.png","contentUrl":"https:\/\/hibis-creation.fr\/wp-content\/uploads\/2024\/04\/IMG_20240426_165512.png","width":1164,"height":1303},{"@type":"BreadcrumbList","@id":"https:\/\/hibis-creation.fr\/?product=jupe-ete-evasee-legere-tissu-madras-a-carreaux-pour-femme-ceinture-stretch-confortable-et-adaptable-en-coton-elle-est-realisee-a-la-main-copie#breadcrumb","itemListElement":[{"@type":"ListItem","position":1,"name":"Accueil","item":"https:\/\/hibis-creation.fr\/"},{"@type":"ListItem","position":2,"name":"Boutique","item":"https:\/\/hibis-creation.fr\/?page_id=446"},{"@type":"ListItem","position":3,"name":"Jupe \u00e9t\u00e9 \u00e9vas\u00e9e l\u00e9g\u00e8re tissu madras \u00e0 carreaux pour femme ceinture stretch confortable et adaptable en coton elle est r\u00e9alis\u00e9e \u00e0 la main"}]},{"@type":"WebSite","@id":"https:\/\/hibis-creation.fr\/#website","url":"https:\/\/hibis-creation.fr\/","name":"Cr\u00e9ation artisanale d\u2019article en tissu, couper et cousu en France","description":"Hibis Cr\u00e9ation -couture \u00e9coresponsable","potentialAction":[{"@type":"SearchAction","target":{"@type":"EntryPoint","urlTemplate":"https:\/\/hibis-creation.fr\/?s={search_term_string}"},"query-input":{"@type":"PropertyValueSpecification","valueRequired":true,"valueName":"search_term_string"}}],"inLanguage":"fr-FR"}]}},"jetpack_sharing_enabled":true,"_links":{"self":[{"href":"https:\/\/hibis-creation.fr\/index.php?rest_route=\/wp\/v2\/product\/2053"}],"collection":[{"href":"https:\/\/hibis-creation.fr\/index.php?rest_route=\/wp\/v2\/product"}],"about":[{"href":"https:\/\/hibis-creation.fr\/index.php?rest_route=\/wp\/v2\/types\/product"}],"replies":[{"embeddable":true,"href":"https:\/\/hibis-creation.fr\/index.php?rest_route=%2Fwp%2Fv2%2Fcomments&post=2053"}],"wp:featuredmedia":[{"embeddable":true,"href":"https:\/\/hibis-creation.fr\/index.php?rest_route=\/wp\/v2\/media\/2049"}],"wp:attachment":[{"href":"https:\/\/hibis-creation.fr\/index.php?rest_route=%2Fwp%2Fv2%2Fmedia&parent=2053"}],"wp:term":[{"taxonomy":"product_brand","embeddable":true,"href":"https:\/\/hibis-creation.fr\/index.php?rest_route=%2Fwp%2Fv2%2Fproduct_brand&post=2053"},{"taxonomy":"product_cat","embeddable":true,"href":"https:\/\/hibis-creation.fr\/index.php?rest_route=%2Fwp%2Fv2%2Fproduct_cat&post=2053"},{"taxonomy":"product_tag","embeddable":true,"href":"https:\/\/hibis-creation.fr\/index.php?rest_route=%2Fwp%2Fv2%2Fproduct_tag&post=2053"}],"curies":[{"name":"wp","href":"https:\/\/api.w.org\/{rel}","templated":true}]}}